{"id":400,"date":"2024-10-07T16:35:14","date_gmt":"2024-10-07T16:35:14","guid":{"rendered":"https:\/\/gold-rent.it\/?page_id=400"},"modified":"2024-10-07T16:45:09","modified_gmt":"2024-10-07T16:45:09","slug":"privacy","status":"publish","type":"page","link":"https:\/\/gold-rent.it\/index.php\/privacy\/","title":{"rendered":"Privacy"},"content":{"rendered":"<p style=\"text-align: justify;\">I dati da Lei inseriti, quali i dati identificativi, numeri di telefono e indirizzo email, saranno trattati dal titolare del sito internet, con modalit\u00e0 elettroniche e in qualit\u00e0 di Titolare del trattamento, al solo fine di dare risposta alle Sue richieste e non verranno messi a disposizione di nessuno, n\u00e9 diffusi. Il trattamento di tali dati \u00e8 necessario perch\u00e9 il titolare del sito internet possa evadere le Sue richieste. In qualit\u00e0 di interessato del trattamento. Le \u00e8 garantito l\u2019esercizio dei diritti di cui all\u2019art. 7 del D.Lgs. 196\/03, tra i quali il diritto di ottenere dal Titolare del trattamento la conferma dell\u2019esistenza dei Suoi dati personali e la loro comunicazione in forma intelligibile, di conoscere le modalit\u00e0 e le logiche del trattamento, di richiedere l\u2019aggiornamento e l\u2019integrazione dei dati stessi, la loro cancellazione o trasformazione in forma anonima, in caso di violazione di legge, nonch\u00e9, di opporsi al loro trattamento.<\/p>\n<p>Tali diritti potranno essere esercitati rivolgendosi in qualsiasi momento per iscritto a:<\/p>\n<p>Riccardo Rota<strong> &#8211; Email:<\/strong> <a href=\"mailto:info@gold-rent.it\">info@gold-rent.it<\/a><\/p>\n<p style=\"text-align: justify;\">In ogni momento l\u2019utente potr\u00e0 \u2013 senza formalit\u00e0 alcuna \u2013 esercitare i diritti di cui all\u2019art. 7 del Codice della privacy (anche utilizzando l\u2019apposito modulo per l\u2019istanza messo a disposizione dal Garante su&nbsp;<a href=\"http:\/\/www.garanteprivacy.it\/\">www.garanteprivacy.it<\/a>) , che per utilit\u00e0 \u00e8 riportato integralmente di seguito. L\u2019esercizio dei diritti non \u00e8 soggetto ad alcun vincolo di forma.<\/p>\n<p><strong>TESTO ARTICOLO 7 DEL CODICE DELLA PRIVACY<\/strong><\/p>\n<p>Art. 7<\/p>\n<p style=\"text-align: justify;\">(Diritto di accesso ai dati personali ed altri diritti)<\/p>\n<ol style=\"text-align: justify;\">\n<li>L\u2019interessato ha diritto di ottenere la conferma dell\u2019esistenza o meno di dati personali che lo riguardano, anche se non ancora registrati, e la loro comunicazione in forma intelligibile.<\/li>\n<li>L\u2019interessato ha diritto di ottenere l\u2019indicazione:<br \/>\na) dell\u2019origine dei dati personali;<br \/>\nb) delle finalit\u00e0 e modalit\u00e0 del trattamento;<br \/>\nc) della logica applicata in caso di trattamento effettuato con l\u2019ausilio di strumenti elettronici;<br \/>\nd) degli estremi identificativi del titolare, dei responsabili e del rappresentante designato ai sensi dell\u2019articolo 5, comma 2;<br \/>\ne) dei soggetti o delle categorie di soggetti ai quali i dati personali possono essere comunicati o che possono venirne a conoscenza in qualit\u00e0 di rappresentante designato nel territorio dello Stato, di responsabili o incaricati.<\/li>\n<li style=\"text-align: justify;\">L\u2019interessato ha diritto di ottenere:<br \/>\na) l\u2019aggiornamento, la rettificazione ovvero, quando vi ha interesse, l\u2019integrazione dei dati;<br \/>\nb) la cancellazione, la trasformazione in forma anonima o il blocco dei dati trattati in violazione di legge, compresi quelli di cui non \u00e8 necessaria la conservazione in relazione agli scopi per i quali i dati sono stati raccolti o successivamente trattati;<br \/>\nc) l\u2019attestazione che le operazioni di cui alle lettere a) e b) sono state portate a conoscenza, anche per quanto riguarda il loro contenuto, di coloro ai quali i dati sono stati comunicati o diffusi, eccettuato il caso in cui tale adempimento si rivela impossibile o comporta un impiego di mezzi manifestamente sproporzionato rispetto al diritto tutelato.<\/li>\n<li style=\"text-align: justify;\">L\u2019interessato ha diritto di opporsi, in tutto o in parte:<br \/>\na) per motivi legittimi al trattamento dei dati personali che lo riguardano, ancorch\u00e9 pertinenti allo scopo della raccolta;<br \/>\nb) al trattamento di dati personali che lo riguardano a fini di invio di materiale pubblicitario o di vendita diretta o per il compimento di ricerche di mercato o di comunicazione commerciale<\/li>\n<\/ol>\n","protected":false},"excerpt":{"rendered":"<p>I dati da Lei inseriti, quali i dati identificativi, numeri di telefono e indirizzo email, saranno trattati dal titolare del sito internet, con modalit\u00e0 elettroniche e in qualit\u00e0 di Titolare del trattamento, al solo fine di dare risposta alle Sue richieste e non verranno messi a disposizione di nessuno, n\u00e9 diffusi. Il trattamento di tali [&hellip;]<\/p>\n","protected":false},"author":3,"featured_media":0,"parent":0,"menu_order":0,"comment_status":"closed","ping_status":"closed","template":"","meta":{"_et_pb_use_builder":"","_et_pb_old_content":"","_et_gb_content_width":"","ngg_post_thumbnail":0,"footnotes":""},"class_list":["post-400","page","type-page","status-publish","hentry"],"_links":{"self":[{"href":"https:\/\/gold-rent.it\/index.php\/wp-json\/wp\/v2\/pages\/400","targetHints":{"allow":["GET"]}}],"collection":[{"href":"https:\/\/gold-rent.it\/index.php\/wp-json\/wp\/v2\/pages"}],"about":[{"href":"https:\/\/gold-rent.it\/index.php\/wp-json\/wp\/v2\/types\/page"}],"author":[{"embeddable":true,"href":"https:\/\/gold-rent.it\/index.php\/wp-json\/wp\/v2\/users\/3"}],"replies":[{"embeddable":true,"href":"https:\/\/gold-rent.it\/index.php\/wp-json\/wp\/v2\/comments?post=400"}],"version-history":[{"count":2,"href":"https:\/\/gold-rent.it\/index.php\/wp-json\/wp\/v2\/pages\/400\/revisions"}],"predecessor-version":[{"id":410,"href":"https:\/\/gold-rent.it\/index.php\/wp-json\/wp\/v2\/pages\/400\/revisions\/410"}],"wp:attachment":[{"href":"https:\/\/gold-rent.it\/index.php\/wp-json\/wp\/v2\/media?parent=400"}],"curies":[{"name":"wp","href":"https:\/\/api.w.org\/{rel}","templated":true}]}}